{"id":324,"date":"2022-07-29T14:46:51","date_gmt":"2022-07-29T14:46:51","guid":{"rendered":"https:\/\/monitoreautoclave.com.br\/?page_id=324"},"modified":"2025-10-08T16:38:12","modified_gmt":"2025-10-08T16:38:12","slug":"emulador-quimico-tipo-6-eq4","status":"publish","type":"page","link":"https:\/\/monitoreautoclave.com.br\/en\/emulador-quimico-tipo-6-eq4\/","title":{"rendered":"Emulador Qu\u00edmico Tipo 6 &#8211; EQ4"},"content":{"rendered":"<div data-elementor-type=\"wp-page\" data-elementor-id=\"324\" class=\"elementor elementor-324\">\n\t\t\t\t\t\t\t\t\t<section class=\"elementor-section elementor-top-section elementor-element elementor-element-8ae72df elementor-section-boxed elementor-section-height-default elementor-section-height-default\" data-id=\"8ae72df\" data-element_type=\"section\" data-settings=\"{&quot;background_background&quot;:&quot;classic&quot;}\">\n\t\t\t\t\t\t<div class=\"elementor-container elementor-column-gap-default\">\n\t\t\t\t\t<div class=\"elementor-column elementor-col-100 elementor-top-column elementor-element elementor-element-563b132d\" data-id=\"563b132d\" data-element_type=\"column\">\n\t\t\t<div class=\"elementor-widget-wrap elementor-element-populated\">\n\t\t\t\t\t\t\t\t<div class=\"elementor-element elementor-element-37a14cea elementor-widget elementor-widget-heading\" data-id=\"37a14cea\" data-element_type=\"widget\" data-widget_type=\"heading.default\">\n\t\t\t\t<div class=\"elementor-widget-container\">\n\t\t\t<style>\/*! elementor - v3.7.1 - 14-08-2022 *\/\n.elementor-heading-title{padding:0;margin:0;line-height:1}.elementor-widget-heading .elementor-heading-title[class*=elementor-size-]>a{color:inherit;font-size:inherit;line-height:inherit}.elementor-widget-heading .elementor-heading-title.elementor-size-small{font-size:15px}.elementor-widget-heading .elementor-heading-title.elementor-size-medium{font-size:19px}.elementor-widget-heading .elementor-heading-title.elementor-size-large{font-size:29px}.elementor-widget-heading .elementor-heading-title.elementor-size-xl{font-size:39px}.elementor-widget-heading .elementor-heading-title.elementor-size-xxl{font-size:59px}<\/style><h2 class=\"elementor-heading-title elementor-size-default\">Emulador Qu\u00edmico Tipo 6 &#8211; EQ4<\/h2>\t\t<\/div>\n\t\t\t\t<\/div>\n\t\t\t\t<div class=\"elementor-element elementor-element-3c874ebe elementor-widget elementor-widget-text-editor\" data-id=\"3c874ebe\" data-element_type=\"widget\" data-widget_type=\"text-editor.default\">\n\t\t\t\t<div class=\"elementor-widget-container\">\n\t\t\t<style>\/*! elementor - v3.7.1 - 14-08-2022 *\/\n.elementor-widget-text-editor.elementor-drop-cap-view-stacked .elementor-drop-cap{background-color:#818a91;color:#fff}.elementor-widget-text-editor.elementor-drop-cap-view-framed .elementor-drop-cap{color:#818a91;border:3px solid;background-color:transparent}.elementor-widget-text-editor:not(.elementor-drop-cap-view-default) .elementor-drop-cap{margin-top:8px}.elementor-widget-text-editor:not(.elementor-drop-cap-view-default) .elementor-drop-cap-letter{width:1em;height:1em}.elementor-widget-text-editor .elementor-drop-cap{float:left;text-align:center;line-height:1;font-size:50px}.elementor-widget-text-editor .elementor-drop-cap-letter{display:inline-block}<\/style>\t\t\t\t<p>Home \/ Produtos \/ EQ4<\/p>\t\t\t\t\t\t<\/div>\n\t\t\t\t<\/div>\n\t\t\t\t\t<\/div>\n\t\t<\/div>\n\t\t\t\t\t\t\t<\/div>\n\t\t<\/section>\n\t\t\t\t<section class=\"elementor-section elementor-top-section elementor-element elementor-element-8b979ce elementor-section-boxed elementor-section-height-default elementor-section-height-default\" data-id=\"8b979ce\" data-element_type=\"section\">\n\t\t\t\t\t\t<div class=\"elementor-container elementor-column-gap-default\">\n\t\t\t\t\t<div class=\"elementor-column elementor-col-50 elementor-top-column elementor-element elementor-element-3dd5906\" data-id=\"3dd5906\" data-element_type=\"column\">\n\t\t\t<div class=\"elementor-widget-wrap elementor-element-populated\">\n\t\t\t\t\t\t\t\t<div class=\"elementor-element elementor-element-9192d8c elementor-widget elementor-widget-image\" data-id=\"9192d8c\" data-element_type=\"widget\" data-widget_type=\"image.default\">\n\t\t\t\t<div class=\"elementor-widget-container\">\n\t\t\t<style>\/*! elementor - v3.7.1 - 14-08-2022 *\/\n.elementor-widget-image{text-align:center}.elementor-widget-image a{display:inline-block}.elementor-widget-image a img[src$=\".svg\"]{width:48px}.elementor-widget-image img{vertical-align:middle;display:inline-block}<\/style>\t\t\t\t\t\t\t\t\t\t\t\t<img loading=\"lazy\" decoding=\"async\" width=\"536\" height=\"466\" src=\"https:\/\/monitoreautoclave.com.br\/wp-content\/uploads\/2025\/09\/EMULADOR-QUIMICO-EQ4.jpg\" class=\"attachment-large size-large\" alt=\"\" srcset=\"https:\/\/monitoreautoclave.com.br\/wp-content\/uploads\/2025\/09\/EMULADOR-QUIMICO-EQ4.jpg 536w, https:\/\/monitoreautoclave.com.br\/wp-content\/uploads\/2025\/09\/EMULADOR-QUIMICO-EQ4-300x261.jpg 300w\" sizes=\"auto, (max-width: 536px) 100vw, 536px\" \/>\t\t\t\t\t\t\t\t\t\t\t\t\t\t\t<\/div>\n\t\t\t\t<\/div>\n\t\t\t\t\t<\/div>\n\t\t<\/div>\n\t\t\t\t<div class=\"elementor-column elementor-col-50 elementor-top-column elementor-element elementor-element-a2772c7\" data-id=\"a2772c7\" data-element_type=\"column\">\n\t\t\t<div class=\"elementor-widget-wrap elementor-element-populated\">\n\t\t\t\t\t\t\t\t<div class=\"elementor-element elementor-element-a52f06c elementor-widget elementor-widget-heading\" data-id=\"a52f06c\" data-element_type=\"widget\" data-widget_type=\"heading.default\">\n\t\t\t\t<div class=\"elementor-widget-container\">\n\t\t\t<h2 class=\"elementor-heading-title elementor-size-default\">Emulador Qu\u00edmico EQ4<\/h2>\t\t<\/div>\n\t\t\t\t<\/div>\n\t\t\t\t<div class=\"elementor-element elementor-element-ca8cf18 elementor-widget elementor-widget-text-editor\" data-id=\"ca8cf18\" data-element_type=\"widget\" data-widget_type=\"text-editor.default\">\n\t\t\t\t<div class=\"elementor-widget-container\">\n\t\t\t\t\t\t\t<p>O Indicador Biol\u00f3gico Monitore &#8211; IB20M para Vapor foi desenvolvido para a r\u00e1pida e f\u00e1cil avalia\u00e7\u00e3o de ciclos de esteriliza\u00e7\u00e3o por vapor de 121\u00baC \/ 134\u00baC, assistido por v\u00e1cuo ou com remo\u00e7\u00e3o de ar por gravidade.<\/p>\t\t\t\t\t\t<\/div>\n\t\t\t\t<\/div>\n\t\t\t\t<div class=\"elementor-element elementor-element-444e7a5 elementor-widget elementor-widget-heading\" data-id=\"444e7a5\" data-element_type=\"widget\" data-widget_type=\"heading.default\">\n\t\t\t\t<div class=\"elementor-widget-container\">\n\t\t\t<h2 class=\"elementor-heading-title elementor-size-default\">Composi\u00e7\u00e3o<\/h2>\t\t<\/div>\n\t\t\t\t<\/div>\n\t\t\t\t<div class=\"elementor-element elementor-element-99ba7d6 elementor-widget elementor-widget-text-editor\" data-id=\"99ba7d6\" data-element_type=\"widget\" data-widget_type=\"text-editor.default\">\n\t\t\t\t<div class=\"elementor-widget-container\">\n\t\t\t\t\t\t\t<p>Cada ampola do Indicador Biol\u00f3gico Monitore &#8211; IB20M cont\u00e9m tubo termopl\u00e1stico, ampola de vidro com o meio de cultura, tampa pl\u00e1stica com filtro bacteriano, etiqueta adesiva com indicador qu\u00edmico tipo 1, popula\u00e7\u00e3o m\u00ednima de esporos de Geobacillus Stearothermophilus de 10 elevado a 6\u00aa potencia, inoculada em tira de papel (carreador) em forma de esporos.<\/p>\t\t\t\t\t\t<\/div>\n\t\t\t\t<\/div>\n\t\t\t\t<div class=\"elementor-element elementor-element-022c21f elementor-widget elementor-widget-button\" data-id=\"022c21f\" data-element_type=\"widget\" data-widget_type=\"button.default\">\n\t\t\t\t<div class=\"elementor-widget-container\">\n\t\t\t\t\t<div class=\"elementor-button-wrapper\">\n\t\t\t<a href=\"http:\/\/monitoreautoclave.com.br\/wp-content\/uploads\/2025\/10\/INDICADOR-BIOLOGICO-IB20M-FICHA-TECNICA.pdf\" class=\"elementor-button-link elementor-button elementor-size-md\" role=\"button\">\n\t\t\t\t\t\t<span class=\"elementor-button-content-wrapper\">\n\t\t\t\t\t\t\t<span class=\"elementor-button-icon elementor-align-icon-left\">\n\t\t\t\t<i aria-hidden=\"true\" class=\"far fa-file-pdf\"><\/i>\t\t\t<\/span>\n\t\t\t\t\t\t<span class=\"elementor-button-text\">FULL TECHNICAL SHEET<\/span>\n\t\t<\/span>\n\t\t\t\t\t<\/a>\n\t\t<\/div>\n\t\t\t\t<\/div>\n\t\t\t\t<\/div>\n\t\t\t\t\t<\/div>\n\t\t<\/div>\n\t\t\t\t\t\t\t<\/div>\n\t\t<\/section>\n\t\t\t\t<section class=\"elementor-section elementor-top-section elementor-element elementor-element-9477ec8 elementor-hidden-desktop elementor-hidden-tablet elementor-hidden-mobile elementor-section-boxed elementor-section-height-default elementor-section-height-default\" data-id=\"9477ec8\" data-element_type=\"section\">\n\t\t\t\t\t\t<div class=\"elementor-container elementor-column-gap-default\">\n\t\t\t\t\t<div class=\"elementor-column elementor-col-100 elementor-top-column elementor-element elementor-element-2fcde65\" data-id=\"2fcde65\" data-element_type=\"column\">\n\t\t\t<div class=\"elementor-widget-wrap elementor-element-populated\">\n\t\t\t\t\t\t\t\t<div class=\"elementor-element elementor-element-50e1949 elementor-widget elementor-widget-elementskit-simple-tab\" data-id=\"50e1949\" data-element_type=\"widget\" data-widget_type=\"elementskit-simple-tab.default\">\n\t\t\t\t<div class=\"elementor-widget-container\">\n\t\t\t<div class=\"ekit-wid-con\" >        <div class=\"elementkit-tab-wraper   elementskit-fitcontent-tab\">\n            <ul class=\"nav nav-tabs elementkit-tab-nav\" role=\"tablist\">\n                                    <li class=\"elementkit-nav-item elementor-repeater-item-f1990f5\">\n                        <a class=\"elementkit-nav-link  active show left-pos\" id=\"content-f1990f569f89f24d8686-tab\" data-ekit-handler-id=\"caracter-sticas-f-sicas\" data-ekit-toggle=\"tab\" data-target=\"#content-f1990f569f89f24d8686\" href=\"#Content-f1990f569f89f24d8686\"\n                            data-ekit-toggle-trigger=\"click\"\n                            role=\"tab\" aria-controls=\"Content-f1990f569f89f24d8686\" aria-selected=\"true\">\n                                                        <span class=\"elementskit-tab-title\">Caracter\u00edsticas F\u00edsicas<\/span>\n                        <\/a>\n                    <\/li>\n                                        <li class=\"elementkit-nav-item elementor-repeater-item-a81ab0f\">\n                        <a class=\"elementkit-nav-link  left-pos\" id=\"content-a81ab0f69f89f24d8686-tab\" data-ekit-handler-id=\"caracter-sticas-de-desempenho\" data-ekit-toggle=\"tab\" data-target=\"#content-a81ab0f69f89f24d8686\" href=\"#Content-a81ab0f69f89f24d8686\"\n                            data-ekit-toggle-trigger=\"click\"\n                            role=\"tab\" aria-controls=\"Content-a81ab0f69f89f24d8686\" aria-selected=\"true\">\n                                                        <span class=\"elementskit-tab-title\">Caracter\u00edsticas de Desempenho<\/span>\n                        <\/a>\n                    <\/li>\n                                        <li class=\"elementkit-nav-item elementor-repeater-item-8363855\">\n                        <a class=\"elementkit-nav-link  left-pos\" id=\"content-836385569f89f24d8686-tab\" data-ekit-handler-id=\"instru-es-de-uso\" data-ekit-toggle=\"tab\" data-target=\"#content-836385569f89f24d8686\" href=\"#Content-836385569f89f24d8686\"\n                            data-ekit-toggle-trigger=\"click\"\n                            role=\"tab\" aria-controls=\"Content-836385569f89f24d8686\" aria-selected=\"true\">\n                            <span class=\"elementskit-tab-icon\"><\/span>                            <span class=\"elementskit-tab-title\">Instructions for use<\/span>\n                        <\/a>\n                    <\/li>\n                                        <li class=\"elementkit-nav-item elementor-repeater-item-a1a8ee6\">\n                        <a class=\"elementkit-nav-link  left-pos\" id=\"content-a1a8ee669f89f24d8686-tab\" data-ekit-handler-id=\"classifica-es-de-padr-es\" data-ekit-toggle=\"tab\" data-target=\"#content-a1a8ee669f89f24d8686\" href=\"#Content-a1a8ee669f89f24d8686\"\n                            data-ekit-toggle-trigger=\"click\"\n                            role=\"tab\" aria-controls=\"Content-a1a8ee669f89f24d8686\" aria-selected=\"true\">\n                                                        <span class=\"elementskit-tab-title\">Standards classifications<\/span>\n                        <\/a>\n                    <\/li>\n                                <\/ul>\n\n            <div class=\"tab-content elementkit-tab-content\">\n                                    <div class=\"tab-pane elementkit-tab-pane elementor-repeater-item-f1990f5  active show\" id=\"content-f1990f569f89f24d8686\" role=\"tabpanel\"\n                         aria-labelledby=\"content-f1990f569f89f24d8686-tab\">\n                        <div class=\"animated fadeIn\">\n                            <p>Lamina\u00e7\u00e3o: na frente. No verso, campos para informa\u00e7\u00f5es de registro e rastreabilidade<br \/>Dimens\u00f5es: 10,7cm X 2,0cm.<br \/>Emablagem: 250 unidades<br \/>Caixa de Embarque: 25 embalagens com 250 unidades<br \/>Validade: 60 meses de data de manufatura.<\/p>                        <\/div>\n                    <\/div>\n                                    <div class=\"tab-pane elementkit-tab-pane elementor-repeater-item-a81ab0f\" id=\"content-a81ab0f69f89f24d8686\" role=\"tabpanel\"\n                         aria-labelledby=\"content-a81ab0f69f89f24d8686-tab\">\n                        <div class=\"animated fadeIn\">\n                            <p>O Emulador Qu\u00edmico MONITORE tem um c\u00edrculo de tinta indicadora que muda de cor quanto exposto as condi\u00e7\u00f5es de esteriliza\u00e7\u00e3o por vapor.<br \/>Mudan\u00e7a de cor: Amarelo para Preto.<br \/>Por\u00e9m de acordo com inv\u00f3lucro utilizado para embalar o material, como: caixa met\u00e1lica, papel grau cir\u00fargico, vidro, container pl\u00e1stico, SMS, ou outros a cor atingida com o processo poder\u00e1 variar de MARROM ESCURO A PRETO ABSOLUTO, o que indica APROVA\u00c7\u00c3O do processo.<br \/>Falhas no processo ser\u00e3o identificadas por manchas amarelas no c\u00edrculo indicativo do emulador.<br \/>Tempo de Mudan\u00e7a de Cor ao atingir os par\u00e2metros cr\u00edticos:<br \/>3,5 minutos ou mais a 134\u00b0C (+\/- 1\u00b0C) 12 minutos ou mais a 127\u00ba C (+\/-1\u00baC) 15 minutos ou mais a 121\u00b0C (+\/- 1\u00b0C) Estabilidade do indicador: Antes ou depois da esteriliza\u00e7\u00e3o = Excelente<\/p>                        <\/div>\n                    <\/div>\n                                    <div class=\"tab-pane elementkit-tab-pane elementor-repeater-item-8363855\" id=\"content-836385569f89f24d8686\" role=\"tabpanel\"\n                         aria-labelledby=\"content-836385569f89f24d8686-tab\">\n                        <div class=\"animated fadeIn\">\n                            <p>1.Coloque uma tira do Emulador Qu\u00edmico MONITORE em cada pacote ou caixa a esterilizar e processe conforme seu protocolo.<\/p><p>2.Terminado o ciclo de esteriliza\u00e7\u00e3o, verifique se a cor indicativa mudou completamente de paraAMARELO PRETO.<\/p><p>3.Se o Emulador Qu\u00edmico MONITORE evidenciar condi\u00e7\u00f5es inadequadas de esteriliza\u00e7\u00e3o, reprocessar o material com novas tiras indicadoras.<\/p>                        <\/div>\n                    <\/div>\n                                    <div class=\"tab-pane elementkit-tab-pane elementor-repeater-item-a1a8ee6\" id=\"content-a1a8ee669f89f24d8686\" role=\"tabpanel\"\n                         aria-labelledby=\"content-a1a8ee669f89f24d8686-tab\">\n                        <div class=\"animated fadeIn\">\n                            <p>ANSI\/AAMI\/ISO 11140-1, tipo i6<br \/>Registro no MS. Produto n\u00e3o considerado \u201cProduto para Sa\u00fade\u201d conforme Resolu\u00e7\u00e3o &#8211; RDC 40 \/ 2015<br \/>da Diretoria Colegiada da Ag\u00eancia Nacional de Vigil\u00e2ncia Sanit\u00e1ria, publicada no D.O.U de 26\/08\/2015.<\/p>                        <\/div>\n                    <\/div>\n                            <\/div>\n        <\/div>\n    <\/div>\t\t<\/div>\n\t\t\t\t<\/div>\n\t\t\t\t<div class=\"elementor-element elementor-element-e6ea69c elementor-align-center elementor-widget elementor-widget-button\" data-id=\"e6ea69c\" data-element_type=\"widget\" data-widget_type=\"button.default\">\n\t\t\t\t<div class=\"elementor-widget-container\">\n\t\t\t\t\t<div class=\"elementor-button-wrapper\">\n\t\t\t<a href=\"\/en\/todos-os-produtos\/\" class=\"elementor-button-link elementor-button elementor-size-sm\" role=\"button\">\n\t\t\t\t\t\t<span class=\"elementor-button-content-wrapper\">\n\t\t\t\t\t\t<span class=\"elementor-button-text\">See our complete catalog<\/span>\n\t\t<\/span>\n\t\t\t\t\t<\/a>\n\t\t<\/div>\n\t\t\t\t<\/div>\n\t\t\t\t<\/div>\n\t\t\t\t\t<\/div>\n\t\t<\/div>\n\t\t\t\t\t\t\t<\/div>\n\t\t<\/section>\n\t\t\t\t<section class=\"elementor-section elementor-top-section elementor-element elementor-element-434ca77 elementor-section-boxed elementor-section-height-default elementor-section-height-default\" data-id=\"434ca77\" data-element_type=\"section\">\n\t\t\t\t\t\t<div class=\"elementor-container elementor-column-gap-default\">\n\t\t\t\t\t<div class=\"elementor-column elementor-col-100 elementor-top-column elementor-element elementor-element-164e787\" data-id=\"164e787\" data-element_type=\"column\">\n\t\t\t<div class=\"elementor-widget-wrap elementor-element-populated\">\n\t\t\t\t\t\t\t\t<div class=\"elementor-element elementor-element-ec232c1 elementor-widget elementor-widget-accordion\" data-id=\"ec232c1\" data-element_type=\"widget\" data-widget_type=\"accordion.default\">\n\t\t\t\t<div class=\"elementor-widget-container\">\n\t\t\t<style>\/*! elementor - v3.7.1 - 14-08-2022 *\/\n.elementor-accordion{text-align:left}.elementor-accordion .elementor-accordion-item{border:1px solid #d4d4d4}.elementor-accordion .elementor-accordion-item+.elementor-accordion-item{border-top:none}.elementor-accordion .elementor-tab-title{margin:0;padding:15px 20px;font-weight:700;line-height:1;cursor:pointer;outline:none}.elementor-accordion .elementor-tab-title .elementor-accordion-icon{display:inline-block;width:1.5em}.elementor-accordion .elementor-tab-title .elementor-accordion-icon svg{width:1em;height:1em}.elementor-accordion .elementor-tab-title .elementor-accordion-icon.elementor-accordion-icon-right{float:right;text-align:right}.elementor-accordion .elementor-tab-title .elementor-accordion-icon.elementor-accordion-icon-left{float:left;text-align:left}.elementor-accordion .elementor-tab-title .elementor-accordion-icon .elementor-accordion-icon-closed{display:block}.elementor-accordion .elementor-tab-title .elementor-accordion-icon .elementor-accordion-icon-opened,.elementor-accordion .elementor-tab-title.elementor-active .elementor-accordion-icon-closed{display:none}.elementor-accordion .elementor-tab-title.elementor-active .elementor-accordion-icon-opened{display:block}.elementor-accordion .elementor-tab-content{display:none;padding:15px 20px;border-top:1px solid #d4d4d4}@media (max-width:767px){.elementor-accordion .elementor-tab-title{padding:12px 15px}.elementor-accordion .elementor-tab-title .elementor-accordion-icon{width:1.2em}.elementor-accordion .elementor-tab-content{padding:7px 15px}}.e-container>.elementor-widget-accordion{width:var(--container-widget-width,100%)}<\/style>\t\t<div class=\"elementor-accordion\" role=\"tablist\">\n\t\t\t\t\t\t\t<div class=\"elementor-accordion-item\">\n\t\t\t\t\t<div id=\"elementor-tab-title-2471\" class=\"elementor-tab-title\" data-tab=\"1\" role=\"tab\" aria-controls=\"elementor-tab-content-2471\" aria-expanded=\"false\">\n\t\t\t\t\t\t\t\t\t\t\t\t\t<span class=\"elementor-accordion-icon elementor-accordion-icon-left\" aria-hidden=\"true\">\n\t\t\t\t\t\t\t\t\t\t\t\t\t\t\t<span class=\"elementor-accordion-icon-closed\"><i class=\"fas fa-plus\"><\/i><\/span>\n\t\t\t\t\t\t\t\t<span class=\"elementor-accordion-icon-opened\"><i class=\"fas fa-minus\"><\/i><\/span>\n\t\t\t\t\t\t\t\t\t\t\t\t\t\t<\/span>\n\t\t\t\t\t\t\t\t\t\t\t\t<a class=\"elementor-accordion-title\" href=\"\">Instructions for use<\/a>\n\t\t\t\t\t<\/div>\n\t\t\t\t\t<div id=\"elementor-tab-content-2471\" class=\"elementor-tab-content elementor-clearfix\" data-tab=\"1\" role=\"tabpanel\" aria-labelledby=\"elementor-tab-title-2471\"><p>1.Embale o Indicador Biol\u00f3gico Monitore &#8211; IB20M em um pacote adequado (huckaback), seguindo as pr\u00e1ticas recomendadas de esteriliza\u00e7\u00e3o, coloque o pacote em um local de maior desafio dentro da c\u00e2mara da autoclave, geralmente pr\u00f3ximo a porta, ou ao dreno.<br \/><br \/>2.Realize normalmente o ciclo de esteriliza\u00e7\u00e3o, aguarde o tempo de resfriamento da autoclave recomendado pelo fabricante e retire o Indicador Biol\u00f3gico Monitore &#8211; IB20M do pacote e quebre a ampola de vidro em local apropriado da incubadora, ou utilizando-se de um alicate espec\u00edfico para essa finalidade e introduza a ampola em uma cavidade da incubadora.<br \/><br \/>3.Utilize sempre uma ampola n\u00e3o processada, como piloto, ou contra prova, do mesmo lote de fabrica\u00e7\u00e3o, a fim de comprovar a presen\u00e7a e crescimento bacteriano<\/p><\/div>\n\t\t\t\t<\/div>\n\t\t\t\t\t\t\t\t<\/div>\n\t\t\t\t<\/div>\n\t\t\t\t<\/div>\n\t\t\t\t\t<\/div>\n\t\t<\/div>\n\t\t\t\t\t\t\t<\/div>\n\t\t<\/section>\n\t\t\t\t<section class=\"elementor-section elementor-top-section elementor-element elementor-element-20b48f33 elementor-section-height-min-height elementor-section-boxed elementor-section-height-default elementor-section-items-middle\" data-id=\"20b48f33\" data-element_type=\"section\" data-settings=\"{&quot;background_background&quot;:&quot;classic&quot;}\">\n\t\t\t\t\t\t<div class=\"elementor-container elementor-column-gap-default\">\n\t\t\t\t\t<div class=\"elementor-column elementor-col-50 elementor-top-column elementor-element elementor-element-2b5b22e3\" data-id=\"2b5b22e3\" data-element_type=\"column\" data-settings=\"{&quot;background_background&quot;:&quot;classic&quot;}\">\n\t\t\t<div class=\"elementor-widget-wrap elementor-element-populated\">\n\t\t\t\t\t\t\t\t<div class=\"elementor-element elementor-element-35d63dc9 elementor-widget elementor-widget-heading\" data-id=\"35d63dc9\" data-element_type=\"widget\" data-widget_type=\"heading.default\">\n\t\t\t\t<div class=\"elementor-widget-container\">\n\t\t\t<h2 class=\"elementor-heading-title elementor-size-default\">Get to know our products<\/h2>\t\t<\/div>\n\t\t\t\t<\/div>\n\t\t\t\t<div class=\"elementor-element elementor-element-3bc2c826 elementor-widget elementor-widget-text-editor\" data-id=\"3bc2c826\" data-element_type=\"widget\" data-widget_type=\"text-editor.default\">\n\t\t\t\t<div class=\"elementor-widget-container\">\n\t\t\t\t\t\t\t<p>See our entire product range.<\/p>\t\t\t\t\t\t<\/div>\n\t\t\t\t<\/div>\n\t\t\t\t<div class=\"elementor-element elementor-element-5c037b8e elementor-widget elementor-widget-button\" data-id=\"5c037b8e\" data-element_type=\"widget\" data-widget_type=\"button.default\">\n\t\t\t\t<div class=\"elementor-widget-container\">\n\t\t\t\t\t<div class=\"elementor-button-wrapper\">\n\t\t\t<a href=\"https:\/\/monitoreautoclave.com.br\/en\/todos-os-produtos\/\" class=\"elementor-button-link elementor-button elementor-size-sm\" role=\"button\">\n\t\t\t\t\t\t<span class=\"elementor-button-content-wrapper\">\n\t\t\t\t\t\t<span class=\"elementor-button-text\">SEE PRODUCTS<\/span>\n\t\t<\/span>\n\t\t\t\t\t<\/a>\n\t\t<\/div>\n\t\t\t\t<\/div>\n\t\t\t\t<\/div>\n\t\t\t\t\t<\/div>\n\t\t<\/div>\n\t\t\t\t<div class=\"elementor-column elementor-col-50 elementor-top-column elementor-element elementor-element-3ad1ec52\" data-id=\"3ad1ec52\" data-element_type=\"column\" data-settings=\"{&quot;background_background&quot;:&quot;classic&quot;}\">\n\t\t\t<div class=\"elementor-widget-wrap elementor-element-populated\">\n\t\t\t\t\t\t\t\t<div class=\"elementor-element elementor-element-489c48fe elementor-widget elementor-widget-spacer\" data-id=\"489c48fe\" data-element_type=\"widget\" data-widget_type=\"spacer.default\">\n\t\t\t\t<div class=\"elementor-widget-container\">\n\t\t\t<style>\/*! elementor - v3.7.1 - 14-08-2022 *\/\n.elementor-column .elementor-spacer-inner{height:var(--spacer-size)}.e-container{--container-widget-width:100%}.e-container>.elementor-widget-spacer{width:var(--container-widget-width,var(--spacer-size));-ms-flex-item-align:stretch;align-self:stretch;-ms-flex-negative:0;flex-shrink:0}.e-container>.elementor-widget-spacer>.elementor-widget-container,.e-container>.elementor-widget-spacer>.elementor-widget-container>.elementor-spacer{height:100%}.e-container>.elementor-widget-spacer>.elementor-widget-container>.elementor-spacer>.elementor-spacer-inner{height:var(--container-widget-height,var(--spacer-size))}<\/style>\t\t<div class=\"elementor-spacer\">\n\t\t\t<div class=\"elementor-spacer-inner\"><\/div>\n\t\t<\/div>\n\t\t\t\t<\/div>\n\t\t\t\t<\/div>\n\t\t\t\t\t<\/div>\n\t\t<\/div>\n\t\t\t\t\t\t\t<\/div>\n\t\t<\/section>\n\t\t\t\t\t\t\t<\/div>","protected":false},"excerpt":{"rendered":"<p>Home \/ Produtos \/ EQ4 Emulador Qu\u00edmico EQ4 O Indicador Biol\u00f3gico Monitore &#8211; IB20M para Vapor foi desenvolvido para a r\u00e1pida e f\u00e1cil avalia\u00e7\u00e3o de ciclos de esteriliza\u00e7\u00e3o por vapor de 121\u00baC \/ 134\u00baC, assistido por v\u00e1cuo ou com remo\u00e7\u00e3o de ar por gravidade. Composi\u00e7\u00e3o Cada ampola do Indicador Biol\u00f3gico Monitore &#8211; IB20M cont\u00e9m tubo [&hellip;]<\/p>","protected":false},"author":1,"featured_media":0,"parent":0,"menu_order":0,"comment_status":"closed","ping_status":"closed","template":"elementor_header_footer","meta":{"footnotes":""},"class_list":["post-324","page","type-page","status-publish","hentry"],"_links":{"self":[{"href":"https:\/\/monitoreautoclave.com.br\/en\/wp-json\/wp\/v2\/pages\/324","targetHints":{"allow":["GET"]}}],"collection":[{"href":"https:\/\/monitoreautoclave.com.br\/en\/wp-json\/wp\/v2\/pages"}],"about":[{"href":"https:\/\/monitoreautoclave.com.br\/en\/wp-json\/wp\/v2\/types\/page"}],"author":[{"embeddable":true,"href":"https:\/\/monitoreautoclave.com.br\/en\/wp-json\/wp\/v2\/users\/1"}],"replies":[{"embeddable":true,"href":"https:\/\/monitoreautoclave.com.br\/en\/wp-json\/wp\/v2\/comments?post=324"}],"version-history":[{"count":104,"href":"https:\/\/monitoreautoclave.com.br\/en\/wp-json\/wp\/v2\/pages\/324\/revisions"}],"predecessor-version":[{"id":1799,"href":"https:\/\/monitoreautoclave.com.br\/en\/wp-json\/wp\/v2\/pages\/324\/revisions\/1799"}],"wp:attachment":[{"href":"https:\/\/monitoreautoclave.com.br\/en\/wp-json\/wp\/v2\/media?parent=324"}],"curies":[{"name":"wp","href":"https:\/\/api.w.org\/{rel}","templated":true}]}}